{"id":25,"date":"2025-04-28T01:15:27","date_gmt":"2025-04-28T05:15:27","guid":{"rendered":"https:\/\/batan.serviglobal.cl\/?page_id=25"},"modified":"2025-06-13T13:29:11","modified_gmt":"2025-06-13T17:29:11","slug":"hormigon-preparado","status":"publish","type":"page","link":"https:\/\/batan.cl\/","title":{"rendered":"Batan Hormigones"},"content":{"rendered":"<div style=\"display: flex; justify-content: center; gap: 40px; text-align: center; flex-wrap: wrap;\">\n<p>  <!-- Calidad garantizada --><\/p>\n<div style=\"flex: 1; min-width: 200px;\">\n    <i class=\"fas fa-shield-alt\" style=\"font-size: 50px; color: #003366;\"><\/i><\/p>\n<h3 style=\"margin-top: 10px;\">Calidad Garantizada<\/h3>\n<p>Materiales de primera calidad y control riguroso en cada entrega.<\/p>\n<\/p><\/div>\n<p>  <!-- Cobertura en zonas extremas --><\/p>\n<div style=\"flex: 1; min-width: 200px;\">\n    <i class=\"fas fa-mountain\" style=\"font-size: 50px; color: #003366;\"><\/i><\/p>\n<h3 style=\"margin-top: 10px;\">Cobertura en Zonas Extremas<\/h3>\n<p>Llegamos donde otros no pueden, adapt\u00e1ndonos a cualquier terreno.<\/p>\n<\/p><\/div>\n<p>  <!-- Experiencia y asesor\u00eda t\u00e9cnica --><\/p>\n<div style=\"flex: 1; min-width: 200px;\">\n    <i class=\"fas fa-hard-hat\" style=\"font-size: 50px; color: #003366;\"><\/i><\/p>\n<h3 style=\"margin-top: 10px;\">Experiencia y Asesor\u00eda T\u00e9cnica<\/h3>\n<p>M\u00e1s de 15 a\u00f1os respaldando proyectos de construcci\u00f3n en la isla de Chilo\u00e9 y en la Patagonia.<\/p>\n<\/p><\/div>\n<\/div>\n","protected":false},"excerpt":{"rendered":"<p>Calidad Garantizada Materiales de primera calidad y control riguroso en cada entrega. Cobertura en Zonas Extremas Llegamos donde otros no pueden, adapt\u00e1ndonos a cualquier terreno. Experiencia y Asesor\u00eda T\u00e9cnica M\u00e1s de 15 a\u00f1os respaldando proyectos de construcci\u00f3n en la isla de Chilo\u00e9 y en la Patagonia.<\/p>\n","protected":false},"author":1,"featured_media":0,"parent":0,"menu_order":0,"comment_status":"closed","ping_status":"closed","template":"","meta":{"footnotes":""},"class_list":["post-25","page","type-page","status-publish","hentry"],"yoast_head":"<!-- This site is optimized with the Yoast SEO plugin v25.3 - https:\/\/yoast.com\/wordpress\/plugins\/seo\/ -->\n<title>Batan Hormigones<\/title>\n<meta name=\"description\" content=\"Hormigones para Chilo\u00e9 y m\u00e1s, premezclado para todo tipo de construccion \u00a1Llegamos donde otros no! Despacho r\u00e1pido, confiable y flexible.\" \/>\n<meta name=\"robots\" content=\"index, follow, max-snippet:-1, max-image-preview:large, max-video-preview:-1\" \/>\n<link rel=\"canonical\" href=\"https:\/\/batan.cl\/\" \/>\n<meta property=\"og:locale\" content=\"es_ES\" \/>\n<meta property=\"og:type\" content=\"article\" \/>\n<meta property=\"og:title\" content=\"Batan Hormigones\" \/>\n<meta property=\"og:description\" content=\"Hormigones para Chilo\u00e9 y m\u00e1s, premezclado para todo tipo de construccion \u00a1Llegamos donde otros no! Despacho r\u00e1pido, confiable y flexible.\" \/>\n<meta property=\"og:url\" content=\"https:\/\/batan.cl\/\" \/>\n<meta property=\"article:modified_time\" content=\"2025-06-13T17:29:11+00:00\" \/>\n<meta property=\"og:image\" content=\"https:\/\/batan.cl\/wp-content\/uploads\/2025\/06\/batanhormigonesdelsur_qr-1-scaled.png\" \/>\n\t<meta property=\"og:image:width\" content=\"2228\" \/>\n\t<meta property=\"og:image:height\" content=\"2560\" \/>\n\t<meta property=\"og:image:type\" content=\"image\/png\" \/>\n<meta name=\"twitter:card\" content=\"summary_large_image\" \/>\n<meta name=\"twitter:label1\" content=\"Tiempo estimado de lectura\" \/>\n\t<meta name=\"twitter:data1\" content=\"1 minuto\" \/>\n<script type=\"application\/ld+json\" class=\"yoast-schema-graph\">{\"@context\":\"https:\/\/schema.org\",\"@graph\":[{\"@type\":\"Article\",\"@id\":\"https:\/\/batan.cl\/#article\",\"isPartOf\":{\"@id\":\"https:\/\/batan.cl\/\"},\"author\":{\"name\":\"admin\",\"@id\":\"https:\/\/batan.cl\/#\/schema\/person\/bced55f540845bad6468894caddfbc61\"},\"headline\":\"Batan Hormigones\",\"datePublished\":\"2025-04-28T05:15:27+00:00\",\"dateModified\":\"2025-06-13T17:29:11+00:00\",\"mainEntityOfPage\":{\"@id\":\"https:\/\/batan.cl\/\"},\"wordCount\":53,\"publisher\":{\"@id\":\"https:\/\/batan.cl\/#organization\"},\"inLanguage\":\"es-CL\"},{\"@type\":\"WebPage\",\"@id\":\"https:\/\/batan.cl\/\",\"url\":\"https:\/\/batan.cl\/\",\"name\":\"Batan Hormigones\",\"isPartOf\":{\"@id\":\"https:\/\/batan.cl\/#website\"},\"datePublished\":\"2025-04-28T05:15:27+00:00\",\"dateModified\":\"2025-06-13T17:29:11+00:00\",\"description\":\"Hormigones para Chilo\u00e9 y m\u00e1s, premezclado para todo tipo de construccion \u00a1Llegamos donde otros no! Despacho r\u00e1pido, confiable y flexible.\",\"breadcrumb\":{\"@id\":\"https:\/\/batan.cl\/#breadcrumb\"},\"inLanguage\":\"es-CL\",\"potentialAction\":[{\"@type\":\"ReadAction\",\"target\":[\"https:\/\/batan.cl\/\"]}]},{\"@type\":\"BreadcrumbList\",\"@id\":\"https:\/\/batan.cl\/#breadcrumb\",\"itemListElement\":[{\"@type\":\"ListItem\",\"position\":1,\"name\":\"Portada\",\"item\":\"https:\/\/batan.cl\/\"},{\"@type\":\"ListItem\",\"position\":2,\"name\":\"Batan Hormigones\"}]},{\"@type\":\"WebSite\",\"@id\":\"https:\/\/batan.cl\/#website\",\"url\":\"https:\/\/batan.cl\/\",\"name\":\"batan.cl\",\"description\":\"&quot;El hormig\u00f3n del coraz\u00f3n de Chilo\u00e9&quot;\",\"publisher\":{\"@id\":\"https:\/\/batan.cl\/#organization\"},\"potentialAction\":[{\"@type\":\"SearchAction\",\"target\":{\"@type\":\"EntryPoint\",\"urlTemplate\":\"https:\/\/batan.cl\/?s={search_term_string}\"},\"query-input\":{\"@type\":\"PropertyValueSpecification\",\"valueRequired\":true,\"valueName\":\"search_term_string\"}}],\"inLanguage\":\"es-CL\"},{\"@type\":\"Organization\",\"@id\":\"https:\/\/batan.cl\/#organization\",\"name\":\"batan\",\"url\":\"https:\/\/batan.cl\/\",\"logo\":{\"@type\":\"ImageObject\",\"inLanguage\":\"es-CL\",\"@id\":\"https:\/\/batan.cl\/#\/schema\/logo\/image\/\",\"url\":\"https:\/\/batan.cl\/wp-content\/uploads\/2025\/04\/cropped-cropped-logo-batan-3.png\",\"contentUrl\":\"https:\/\/batan.cl\/wp-content\/uploads\/2025\/04\/cropped-cropped-logo-batan-3.png\",\"width\":240,\"height\":101,\"caption\":\"batan\"},\"image\":{\"@id\":\"https:\/\/batan.cl\/#\/schema\/logo\/image\/\"},\"sameAs\":[\"https:\/\/www.instagram.com\/batanhormigonesdelsur\/\"]},{\"@type\":\"Person\",\"@id\":\"https:\/\/batan.cl\/#\/schema\/person\/bced55f540845bad6468894caddfbc61\",\"name\":\"admin\",\"sameAs\":[\"https:\/\/batan.serviglobal.cl\"],\"url\":\"https:\/\/batan.cl\/index.php\/author\/batan\/\"}]}<\/script>\n<!-- \/ Yoast SEO plugin. -->","yoast_head_json":{"title":"Batan Hormigones","description":"Hormigones para Chilo\u00e9 y m\u00e1s, premezclado para todo tipo de construccion \u00a1Llegamos donde otros no! Despacho r\u00e1pido, confiable y flexible.","robots":{"index":"index","follow":"follow","max-snippet":"max-snippet:-1","max-image-preview":"max-image-preview:large","max-video-preview":"max-video-preview:-1"},"canonical":"https:\/\/batan.cl\/","og_locale":"es_ES","og_type":"article","og_title":"Batan Hormigones","og_description":"Hormigones para Chilo\u00e9 y m\u00e1s, premezclado para todo tipo de construccion \u00a1Llegamos donde otros no! Despacho r\u00e1pido, confiable y flexible.","og_url":"https:\/\/batan.cl\/","article_modified_time":"2025-06-13T17:29:11+00:00","og_image":[{"width":2228,"height":2560,"url":"https:\/\/batan.cl\/wp-content\/uploads\/2025\/06\/batanhormigonesdelsur_qr-1-scaled.png","type":"image\/png"}],"twitter_card":"summary_large_image","twitter_misc":{"Tiempo estimado de lectura":"1 minuto"},"schema":{"@context":"https:\/\/schema.org","@graph":[{"@type":"Article","@id":"https:\/\/batan.cl\/#article","isPartOf":{"@id":"https:\/\/batan.cl\/"},"author":{"name":"admin","@id":"https:\/\/batan.cl\/#\/schema\/person\/bced55f540845bad6468894caddfbc61"},"headline":"Batan Hormigones","datePublished":"2025-04-28T05:15:27+00:00","dateModified":"2025-06-13T17:29:11+00:00","mainEntityOfPage":{"@id":"https:\/\/batan.cl\/"},"wordCount":53,"publisher":{"@id":"https:\/\/batan.cl\/#organization"},"inLanguage":"es-CL"},{"@type":"WebPage","@id":"https:\/\/batan.cl\/","url":"https:\/\/batan.cl\/","name":"Batan Hormigones","isPartOf":{"@id":"https:\/\/batan.cl\/#website"},"datePublished":"2025-04-28T05:15:27+00:00","dateModified":"2025-06-13T17:29:11+00:00","description":"Hormigones para Chilo\u00e9 y m\u00e1s, premezclado para todo tipo de construccion \u00a1Llegamos donde otros no! Despacho r\u00e1pido, confiable y flexible.","breadcrumb":{"@id":"https:\/\/batan.cl\/#breadcrumb"},"inLanguage":"es-CL","potentialAction":[{"@type":"ReadAction","target":["https:\/\/batan.cl\/"]}]},{"@type":"BreadcrumbList","@id":"https:\/\/batan.cl\/#breadcrumb","itemListElement":[{"@type":"ListItem","position":1,"name":"Portada","item":"https:\/\/batan.cl\/"},{"@type":"ListItem","position":2,"name":"Batan Hormigones"}]},{"@type":"WebSite","@id":"https:\/\/batan.cl\/#website","url":"https:\/\/batan.cl\/","name":"batan.cl","description":"&quot;El hormig\u00f3n del coraz\u00f3n de Chilo\u00e9&quot;","publisher":{"@id":"https:\/\/batan.cl\/#organization"},"potentialAction":[{"@type":"SearchAction","target":{"@type":"EntryPoint","urlTemplate":"https:\/\/batan.cl\/?s={search_term_string}"},"query-input":{"@type":"PropertyValueSpecification","valueRequired":true,"valueName":"search_term_string"}}],"inLanguage":"es-CL"},{"@type":"Organization","@id":"https:\/\/batan.cl\/#organization","name":"batan","url":"https:\/\/batan.cl\/","logo":{"@type":"ImageObject","inLanguage":"es-CL","@id":"https:\/\/batan.cl\/#\/schema\/logo\/image\/","url":"https:\/\/batan.cl\/wp-content\/uploads\/2025\/04\/cropped-cropped-logo-batan-3.png","contentUrl":"https:\/\/batan.cl\/wp-content\/uploads\/2025\/04\/cropped-cropped-logo-batan-3.png","width":240,"height":101,"caption":"batan"},"image":{"@id":"https:\/\/batan.cl\/#\/schema\/logo\/image\/"},"sameAs":["https:\/\/www.instagram.com\/batanhormigonesdelsur\/"]},{"@type":"Person","@id":"https:\/\/batan.cl\/#\/schema\/person\/bced55f540845bad6468894caddfbc61","name":"admin","sameAs":["https:\/\/batan.serviglobal.cl"],"url":"https:\/\/batan.cl\/index.php\/author\/batan\/"}]}},"_links":{"self":[{"href":"https:\/\/batan.cl\/index.php\/wp-json\/wp\/v2\/pages\/25","targetHints":{"allow":["GET"]}}],"collection":[{"href":"https:\/\/batan.cl\/index.php\/wp-json\/wp\/v2\/pages"}],"about":[{"href":"https:\/\/batan.cl\/index.php\/wp-json\/wp\/v2\/types\/page"}],"author":[{"embeddable":true,"href":"https:\/\/batan.cl\/index.php\/wp-json\/wp\/v2\/users\/1"}],"replies":[{"embeddable":true,"href":"https:\/\/batan.cl\/index.php\/wp-json\/wp\/v2\/comments?post=25"}],"version-history":[{"count":11,"href":"https:\/\/batan.cl\/index.php\/wp-json\/wp\/v2\/pages\/25\/revisions"}],"predecessor-version":[{"id":222,"href":"https:\/\/batan.cl\/index.php\/wp-json\/wp\/v2\/pages\/25\/revisions\/222"}],"wp:attachment":[{"href":"https:\/\/batan.cl\/index.php\/wp-json\/wp\/v2\/media?parent=25"}],"curies":[{"name":"wp","href":"https:\/\/api.w.org\/{rel}","templated":true}]}}